{"id":23625,"date":"2025-02-16T22:58:18","date_gmt":"2025-02-16T21:58:18","guid":{"rendered":"https:\/\/www.labdeiters.com\/?page_id=23625"},"modified":"2026-02-12T09:52:19","modified_gmt":"2026-02-12T08:52:19","slug":"politica-de-qualitat","status":"publish","type":"page","link":"https:\/\/www.labdeiters.com\/ca\/politica-de-qualitat\/","title":{"rendered":"Pol\u00edtica de qualitat i seguretat aliment\u00e0ria"},"content":{"rendered":"\t\t<div data-elementor-type=\"wp-page\" data-elementor-id=\"23625\" class=\"elementor elementor-23625 elementor-23624\" data-elementor-post-type=\"page\">\n\t\t\t\t\t\t<section class=\"elementor-section elementor-top-section elementor-element elementor-element-ab9d719 elementor-section-boxed elementor-section-height-default elementor-section-height-default\" data-id=\"ab9d719\" data-element_type=\"section\" data-e-type=\"section\">\n\t\t\t\t\t\t<div class=\"elementor-container elementor-column-gap-default\">\n\t\t\t\t\t<div class=\"elementor-column elementor-col-100 elementor-top-column elementor-element elementor-element-59f581b3\" data-id=\"59f581b3\" data-element_type=\"column\" data-e-type=\"column\">\n\t\t\t<div class=\"elementor-widget-wrap elementor-element-populated\">\n\t\t\t\t\t\t<div class=\"elementor-element elementor-element-a25e3c6 elementor-widget elementor-widget-heading\" data-id=\"a25e3c6\" data-element_type=\"widget\" data-e-type=\"widget\" data-widget_type=\"heading.default\">\n\t\t\t\t<div class=\"elementor-widget-container\">\n\t\t\t\t\t<h1 class=\"elementor-heading-title elementor-size-default\">POL\u00cdTICA DE QUALITAT I SEGURETAT ALIMENT\u00c0RIA<\/h1>\t\t\t\t<\/div>\n\t\t\t\t<\/div>\n\t\t\t\t<div class=\"elementor-element elementor-element-d250bbc elementor-widget elementor-widget-text-editor\" data-id=\"d250bbc\" data-element_type=\"widget\" data-e-type=\"widget\" data-widget_type=\"text-editor.default\">\n\t\t\t\t<div class=\"elementor-widget-container\">\n\t\t\t\t\t\t\t\t\t<strong>LABORATORIOS DEITERS<\/strong> \u00e9s una empresa farmac\u00e8utica familiar especialitzada en l&#8217;autocura i compromesa amb el sector farmac\u00e8utic.\t\t\t\t\t\t\t\t<\/div>\n\t\t\t\t<\/div>\n\t\t\t\t<div class=\"elementor-element elementor-element-258e93d elementor-widget elementor-widget-text-editor\" data-id=\"258e93d\" data-element_type=\"widget\" data-e-type=\"widget\" data-widget_type=\"text-editor.default\">\n\t\t\t\t<div class=\"elementor-widget-container\">\n\t\t\t\t\t\t\t\t\tLa nostra missi\u00f3 \u00e9s aportar solucions valuoses i fiables per protegir, tractar i cuidar les persones.\t\t\t\t\t\t\t\t<\/div>\n\t\t\t\t<\/div>\n\t\t\t\t<div class=\"elementor-element elementor-element-b709daa elementor-widget elementor-widget-text-editor\" data-id=\"b709daa\" data-element_type=\"widget\" data-e-type=\"widget\" data-widget_type=\"text-editor.default\">\n\t\t\t\t<div class=\"elementor-widget-container\">\n\t\t\t\t\t\t\t\t\tLa Direcci\u00f3 de <strong>LABORATORIOS DEITERS<\/strong> vol comunicar a totes les parts interessades el seu comprom\u00eds amb el sistema de gesti\u00f3 de qualitat d\u2019acord amb els seg\u00fcents principis:\n<ul>\n \t<li>La satisfacci\u00f3 del client \u00e9s el resultat dels nostres esfor\u00e7os per identificar les necessitats i tend\u00e8ncies del sector, innovar i garantir la seguretat i qualitat dels nostres productes.<\/li>\n \t<li><span style=\"font-size: 16px;\">La gesti\u00f3 eficient dels processos, el control dels riscos de seguretat aliment\u00e0ria i el compliment dels requisits de seguretat, incloent-hi la normativa legal i reglament\u00e0ria aplicable als nostres productes, s\u00f3n fonamentals.<\/span><\/li>\n \t<li><span style=\"font-size: 16px;\">Ens comprometem a la millora cont\u00ednua dels nostres productes i processos, garantint una correcta gesti\u00f3 dels riscos, l&#8217;efici\u00e8ncia del sistema i el compliment de les necessitats i expectatives dels nostres clients.<\/span><\/li>\n<\/ul>\nLa Direcci\u00f3 lidera el Sistema de Gesti\u00f3 de Qualitat amb un equip format, competent i altament comprom\u00e8s.\t\t\t\t\t\t\t\t<\/div>\n\t\t\t\t<\/div>\n\t\t\t\t<div class=\"elementor-element elementor-element-f3ec6a5 elementor-widget elementor-widget-text-editor\" data-id=\"f3ec6a5\" data-element_type=\"widget\" data-e-type=\"widget\" data-widget_type=\"text-editor.default\">\n\t\t\t\t<div class=\"elementor-widget-container\">\n\t\t\t\t\t\t\t\t\tLa Direcci\u00f3 revisar\u00e0 peri\u00f2dicament els resultats del Sistema de Gesti\u00f3 per avaluar l\u2019assoliment dels objectius esperats, la seva idone\u00eftat i la seva efic\u00e0cia continuada.\t\t\t\t\t\t\t\t<\/div>\n\t\t\t\t<\/div>\n\t\t\t\t<div class=\"elementor-element elementor-element-7af9f0f elementor-widget elementor-widget-text-editor\" data-id=\"7af9f0f\" data-element_type=\"widget\" data-e-type=\"widget\" data-widget_type=\"text-editor.default\">\n\t\t\t\t<div class=\"elementor-widget-container\">\n\t\t\t\t\t\t\t\t\t<p style=\"text-align: right;\">15 de Maig 2023<br \/>Fina Boixeda<\/p>\t\t\t\t\t\t\t\t<\/div>\n\t\t\t\t<\/div>\n\t\t\t\t<div class=\"elementor-element elementor-element-57f78bf elementor-widget elementor-widget-text-editor\" data-id=\"57f78bf\" data-element_type=\"widget\" data-e-type=\"widget\" data-widget_type=\"text-editor.default\">\n\t\t\t\t<div class=\"elementor-widget-container\">\n\t\t\t\t\t\t\t\t\t<h2>Comprom\u00eds amb la Seguretat Aliment\u00e0ria<\/h2>\nA Laboratorios Deiters S.L. treballem sota un ferm comprom\u00eds amb la qualitat i la seguretat aliment\u00e0ria\nen el desenvolupament i la comercialitzaci\u00f3 dels nostres complements alimentaris.\n\nAmb l\u2019objectiu de garantir el control i la seguretat en els processos associats als nostres productes,\noperem sota un Sistema de Gesti\u00f3 de Seguretat Aliment\u00e0ria certificat conforme a est\u00e0ndards internacionals.\n\n<h3>Certificaci\u00f3 ISO 9001<\/h3>\nEl Sistema de Gesti\u00f3 de Qualitat aplicable a les activitats de Laboratorios Deiters S.L. est\u00e0 certificat\nconforme a la norma ISO 9001, certificaci\u00f3 emesa per Intertek.\n\nLa norma ISO 9001 estableix els requisits per a un sistema de gesti\u00f3 orientat a:\n\n<ul>\n \t<li>Gesti\u00f3 estructurada de processos<\/li>\n \t<li>Control documental<\/li>\n \t<li>Avaluaci\u00f3 i seguiment del rendiment<\/li>\n \t<li>Gesti\u00f3 de riscos<\/li>\n \t<li>Millora cont\u00ednua<\/li>\n<\/ul>\nAquesta certificaci\u00f3 es refereix exclusivament al sistema de gesti\u00f3 i no constitueix una certificaci\u00f3 de producte individual.\n\nLa validesa de la certificaci\u00f3 est\u00e0 subjecta a auditories peri\u00f2diques per part de l\u2019entitat certificadora.\n\n<h3>Certificaci\u00f3 ISO 22000<\/h3>\nEl sistema de gesti\u00f3 de seguretat aliment\u00e0ria aplicable a les nostres activitats est\u00e0 certificat conforme a la norma ISO 22000,\ncertificaci\u00f3 emesa per Intertek, entitat independent de certificaci\u00f3.\n\nLa norma ISO 22000 estableix els requisits per implantar, mantenir i millorar un sistema de gesti\u00f3 orientat a:\n\n<ul>\n \t<li>Identificaci\u00f3 i control de riscos en seguretat aliment\u00e0ria<\/li>\n \t<li>Gesti\u00f3 documentada de processos<\/li>\n \t<li>Tra\u00e7abilitat<\/li>\n \t<li>Control de prove\u00efdors<\/li>\n \t<li>Compliment normatiu<\/li>\n \t<li>Millora cont\u00ednua<\/li>\n<\/ul>\nLa certificaci\u00f3 est\u00e0 subjecta a auditories peri\u00f2diques de seguiment per part de l\u2019entitat certificadora.\n<h3>Abast de la certificaci\u00f3<\/h3>\nLa certificaci\u00f3 ISO 22000 es refereix al Sistema de Gesti\u00f3 de Seguretat Aliment\u00e0ria, i no constitueix una certificaci\u00f3 de producte individual.\n\nL\u2019abast espec\u00edfic de la certificaci\u00f3 ve determinat en el certificat oficial em\u00e8s per Intertek.\n\nEn cap cas aquesta certificaci\u00f3 implica que els productes estiguin certificats individualment per ISO.\n\n<h3>\u00das de marques i refer\u00e8ncies a la certificaci\u00f3<\/h3>\nLes refer\u00e8ncies a la certificaci\u00f3 ISO 22000 i a Intertek es realitzen conforme a les normes d\u2019\u00fas establertes per l\u2019entitat certificadora.\n\nEl logotip ISO (Organitzaci\u00f3 Internacional de Normalitzaci\u00f3) no s\u2019utilitza, d\u2019acord amb les directrius internacionals aplicables.\n\n<h3>Supervisi\u00f3 i actualitzaci\u00f3<\/h3>\nLa validesa de la certificaci\u00f3 est\u00e0 subjecta a auditories peri\u00f2diques i al seu manteniment conforme als requisits establerts per la norma ISO 22000\ni per l\u2019entitat certificadora.\n\nQualsevol modificaci\u00f3 en l\u2019estat o l\u2019abast de la certificaci\u00f3 ser\u00e0 actualitzada conforme a la normativa vigent.\n\t\t\t\t\t\t\t\t<\/div>\n\t\t\t\t<\/div>\n\t\t\t\t\t<\/div>\n\t\t<\/div>\n\t\t\t\t\t<\/div>\n\t\t<\/section>\n\t\t\t\t<\/div>\n\t\t","protected":false},"excerpt":{"rendered":"<p>POL\u00cdTICA DE QUALITAT I SEGURETAT ALIMENT\u00c0RIA LABORATORIOS DEITERS \u00e9s una empresa farmac\u00e8utica familiar especialitzada en l&#8217;autocura i compromesa amb el sector farmac\u00e8utic.La nostra missi\u00f3 \u00e9s aportar solucions valuoses i fiables per protegir, tractar i cuidar les persones.La Direcci\u00f3 de LABORATORIOS DEITERS vol comunicar a totes les parts interessades el seu comprom\u00eds amb el sistema de [&hellip;]<\/p>\n","protected":false},"author":3,"featured_media":0,"parent":0,"menu_order":0,"comment_status":"closed","ping_status":"closed","template":"","meta":{"_acf_changed":false,"site-sidebar-layout":"default","site-content-layout":"default","ast-site-content-layout":"default","site-content-style":"default","site-sidebar-style":"default","ast-global-header-display":"","ast-banner-title-visibility":"","ast-main-header-display":"","ast-hfb-above-header-display":"","ast-hfb-below-header-display":"","ast-hfb-mobile-header-display":"","site-post-title":"disabled","ast-breadcrumbs-content":"","ast-featured-img":"","footer-sml-layout":"","ast-disable-related-posts":"","theme-transparent-header-meta":"default","adv-header-id-meta":"","stick-header-meta":"default","header-above-stick-meta":"","header-main-stick-meta":"","header-below-stick-meta":"","astra-migrate-meta-layouts":"set","ast-page-background-enabled":"default","ast-page-background-meta":{"desktop":{"background-color":"var(--ast-global-color-4)","background-image":"","background-repeat":"repeat","background-position":"center center","background-size":"auto","background-attachment":"scroll","background-type":"","background-media":"","overlay-type":"","overlay-color":"","overlay-opacity":"","overlay-gradient":""},"tablet":{"background-color":"","background-image":"","background-repeat":"repeat","background-position":"center center","background-size":"auto","background-attachment":"scroll","background-type":"","background-media":"","overlay-type":"","overlay-color":"","overlay-opacity":"","overlay-gradient":""},"mobile":{"background-color":"","background-image":"","background-repeat":"repeat","background-position":"center center","background-size":"auto","background-attachment":"scroll","background-type":"","background-media":"","overlay-type":"","overlay-color":"","overlay-opacity":"","overlay-gradient":""}},"ast-content-background-meta":{"desktop":{"background-color":"var(--ast-global-color-5)","background-image":"","background-repeat":"repeat","background-position":"center center","background-size":"auto","background-attachment":"scroll","background-type":"","background-media":"","overlay-type":"","overlay-color":"","overlay-opacity":"","overlay-gradient":""},"tablet":{"background-color":"var(--ast-global-color-5)","background-image":"","background-repeat":"repeat","background-position":"center center","background-size":"auto","background-attachment":"scroll","background-type":"","background-media":"","overlay-type":"","overlay-color":"","overlay-opacity":"","overlay-gradient":""},"mobile":{"background-color":"var(--ast-global-color-5)","background-image":"","background-repeat":"repeat","background-position":"center center","background-size":"auto","background-attachment":"scroll","background-type":"","background-media":"","overlay-type":"","overlay-color":"","overlay-opacity":"","overlay-gradient":""}},"footnotes":""},"class_list":["post-23625","page","type-page","status-publish","hentry"],"acf":[],"_links":{"self":[{"href":"https:\/\/www.labdeiters.com\/ca\/wp-json\/wp\/v2\/pages\/23625","targetHints":{"allow":["GET"]}}],"collection":[{"href":"https:\/\/www.labdeiters.com\/ca\/wp-json\/wp\/v2\/pages"}],"about":[{"href":"https:\/\/www.labdeiters.com\/ca\/wp-json\/wp\/v2\/types\/page"}],"author":[{"embeddable":true,"href":"https:\/\/www.labdeiters.com\/ca\/wp-json\/wp\/v2\/users\/3"}],"replies":[{"embeddable":true,"href":"https:\/\/www.labdeiters.com\/ca\/wp-json\/wp\/v2\/comments?post=23625"}],"version-history":[{"count":15,"href":"https:\/\/www.labdeiters.com\/ca\/wp-json\/wp\/v2\/pages\/23625\/revisions"}],"predecessor-version":[{"id":24310,"href":"https:\/\/www.labdeiters.com\/ca\/wp-json\/wp\/v2\/pages\/23625\/revisions\/24310"}],"wp:attachment":[{"href":"https:\/\/www.labdeiters.com\/ca\/wp-json\/wp\/v2\/media?parent=23625"}],"curies":[{"name":"wp","href":"https:\/\/api.w.org\/{rel}","templated":true}]}}