{"id":21010,"date":"2023-07-31T15:37:47","date_gmt":"2023-07-31T13:37:47","guid":{"rendered":"https:\/\/www.labdeiters.com\/politica-de-privadesa\/"},"modified":"2023-07-31T15:37:47","modified_gmt":"2023-07-31T13:37:47","slug":"politica-de-privadesa","status":"publish","type":"page","link":"https:\/\/www.labdeiters.com\/ca\/politica-de-privadesa\/","title":{"rendered":"Pol\u00edtica de Privadesa"},"content":{"rendered":"<h3>1. POL\u00cdTICA DE PRIVACITAT<\/h3>\n<h4>Dades del propietari de la web<\/h4>\n<div class=\"page\" title=\"Page 1\">\n<div class=\"layoutArea\">\n<div class=\"column\">\n<ul>\n<li><strong>Ra\u00f3 social<\/strong> : LABORATORI DEITERS SL<\/li>\n<li><strong>NIF<\/strong> : B62602503<\/li>\n<li><strong>Domini<\/strong> : www.labdeiters.com<\/li>\n<li><strong>Adre\u00e7a postal<\/strong> : RIERA DE MONTALEGRE 49, 08915 BADALONA (BARCELONA)<\/li>\n<li><strong>Email<\/strong> : fb.datos@labdeiters.com<\/li>\n<li><strong>Tel\u00e8fon<\/strong> : 934650936<\/li>\n<li><span style=\"font-size: 16px;\"><strong>No REGISTRE\/ Dades addicionals<\/strong> :<\/span> <span style=\"font-size: 16px;\">Inscripci\u00f3: LABDEITERS.COM<\/span><\/li>\n<\/ul>\n<h4>Protecci\u00f3 de dades<\/h4>\n<p>De conformitat amb la normativa vigent i aplicable en protecci\u00f3 de dades de car\u00e0cter personal, us informem que les vostres dades seran incorporades al sistema de tractament titularitat de LABORATORI DEITERS SL amb NIF B62602503 i domicili social situat a RIERA DE MONTALEGRE 49,08915 BADALONA(BARCELONA) , i que a continuaci\u00f3 es relacionen les seves respectives finalitats, terminis de conservaci\u00f3 i bases legitimadores:<\/p>\n<h4>Tractaments realitzats<\/h4>\n<p>Accions comercials formulari web<br \/>\nFinalitat: Captaci\u00f3, registre i tractament de dades amb finalitats d&#8217;atendre les vostres consultes i\/o sol\u00b7licituds, aix\u00ed com de publicitat i prospecci\u00f3 comercial<br \/>\nTermini de conservaci\u00f3: mentre es mantingui el consentiment prestat, excepte obligaci\u00f3 legal.<br \/>\nBase leg\u00edtima: El consentiment de linteressat.<br \/>\nTipologia de Dades: Dades b\u00e0siques: Nom i cognoms, Adre\u00e7a electr\u00f2nica<\/p>\n<p><strong>Gesti\u00f3 usuaris web<\/strong><\/p>\n<p>Finalitat: Captaci\u00f3, registre i tractament de dades de lusuari<br \/>\nTermini de conservaci\u00f3: mentre es mantingui el consentiment prestat, excepte<br \/>\nobligaci\u00f3 legal.<br \/>\nBase leg\u00edtima: El consentiment de linteressat.<br \/>\nTipologia de Dades: Dades b\u00e0siques: Nom i cognoms, Adre\u00e7a electr\u00f2nica<\/p>\n<p><strong>Newsletter<\/strong><\/p>\n<p>Finalitat: Gesti\u00f3 de la subscripci\u00f3 a la newsletter, per realitzar els enviaments corresponents<br \/>\nTermini de conservaci\u00f3: mentre es mantingui el consentiment prestat.<br \/>\nBase leg\u00edtima: El consentiment de linteressat.<br \/>\nTipologia de Dades: Dades b\u00e0siques: Nom i cognoms, Adre\u00e7a electr\u00f2nica<\/p>\n<p><strong>Instal\u00b7laci\u00f3 de cookies<\/strong><\/p>\n<p>Finalitat: Gesti\u00f3 i instal\u00b7laci\u00f3 de les cookies<br \/>\nTermini de conservaci\u00f3: mentre es mantingui el consentiment prestat.<br \/>\nBase leg\u00edtima: El consentiment de linteressat.<br \/>\nTipologia de Dades: Dades b\u00e0siques: Adre\u00e7a electr\u00f2nica, Adre\u00e7a IP<\/p>\n<p><strong>Gesti\u00f3 formularis web<\/strong><\/p>\n<p>Finalitat: Atendre les vostres consultes i\/o sol\u00b7licituds<br \/>\nTermini de conservaci\u00f3: mentre es mantingui el consentiment prestat.<br \/>\nBase leg\u00edtima: El consentiment de linteressat.<br \/>\nTipologia de Dades: Dades b\u00e0siques: Nom i cognoms, Adre\u00e7a electr\u00f2nica, Adre\u00e7a IP<\/p>\n<h3>Drets dels interessats<\/h3>\n<p>LABORATORI DEITERS SL informa als Usuaris que, podr\u00e0 exercir els drets d&#8217;acc\u00e9s, rectificaci\u00f3, limitaci\u00f3, supressi\u00f3, portabilitat, oposici\u00f3 al tractament de les seves dades de car\u00e0cter personal i el dret a no ser objecte de decisions automatitzades, inclosa l&#8217;elaboraci\u00f3 de perfils, davant del Responsable del Tractament, aix\u00ed com a la retirada del consentiment prestat.<\/p>\n<ul>\n<li><strong>Dret d&#8217;acc\u00e9s<\/strong> : \u00c9s el dret de l&#8217;usuari a obtenir confirmaci\u00f3 sobre si s&#8217;estan tractant les seves dades i, en aquest cas, les dades personals tractades concretes i la informaci\u00f3 legal del tractament (finalitats, base legitimadora, terminis de conservaci\u00f3, cessions, origen de les dades, etc.).<\/li>\n<li><strong>Dret de Rectificaci\u00f3<\/strong> : \u00c9s el dret de l&#8217;afectat al fet que es modifiquin les dades que resultin ser inexactes o incomplets. Pel que fa a la p\u00e0gina web, nom\u00e9s es podr\u00e0 satisfer en relaci\u00f3 amb aquella informaci\u00f3 que es trobi sota el control del lloc web, per exemple, eliminar comentaris publicats a la pr\u00f2pia p\u00e0gina, imatges o continguts web on constin dades de car\u00e0cter personal de l&#8217;usuari.<\/li>\n<li><strong>Dret a la Limitaci\u00f3 de tractament<\/strong> : \u00c9s el dret que es limitin els fins del tractament previstos de forma original pel responsable del tractament en determinats sup\u00f2sits.<\/li>\n<li><strong>Dret de Supressi\u00f3<\/strong> : \u00c9s el dret a suprimir les dades de car\u00e0cter personal de l&#8217;usuari, a excepci\u00f3 del que preveu el mateix RGPD (llibertat d&#8217;expressi\u00f3 i informaci\u00f3, obligacions de conservaci\u00f3, formulaci\u00f3, exercici o defensa de reclamacions, etc.).<\/li>\n<li><strong>Dret a la Portabilitat<\/strong>: El dret a rebre les dades personals que l&#8217;usuari hagi facilitat, en un format estructurat, d&#8217;\u00fas com\u00fa i lectura mec\u00e0nica, ia transmetre&#8217;ls a un altre responsable quan el tractament est\u00e0 basat en el consentiment o en l&#8217;execuci\u00f3 d&#8217;un contracte i s&#8217;efectu\u00ef per mitjans automatitzats.<\/li>\n<li><strong>Dret d&#8217;oposici\u00f3<\/strong>: \u00c9s el dret de l&#8217;usuari que no es dugui a terme el tractament de les seves dades de car\u00e0cter personal o se&#8217;n cessi el tractament per part del lloc web quan el tractament estigui basat en l&#8217;inter\u00e8s leg\u00edtim o l&#8217;inter\u00e8s p\u00fablic o quan es tracti de tractaments de m\u00e0rqueting directe.<\/li>\n<li><strong>Dret a no ser objecte de decisions automatitzades, inclosa l&#8217;elaboraci\u00f3 de perfils<\/strong>: Quan el tractament no \u00e9s necessari per a la celebraci\u00f3 o execuci\u00f3 d&#8217;un contracte, ni est\u00e0 autoritzada pel dret de la Uni\u00f3 Europea o dels Estats membres ni es basa en el consentiment, t\u00e9 dret a no ser objecte d&#8217;una decisi\u00f3 basada \u00fanicament en el tractament automatitzat, inclosa l&#8217;elaboraci\u00f3 de perfils, que produeixi efectes jur\u00eddics o l&#8217;afecti significativament de manera semblant.<\/li>\n<li><strong>Dret a retirar el consentiment<\/strong> : Per a qualsevol tractament basat en el seu consentiment, t\u00e9 dret a retirar-lo, en qualsevol moment i de manera gratu\u00efta.<\/li>\n<\/ul>\n<p>Per exercir qualsevol dels drets en mat\u00e8ria de protecci\u00f3 de dades descrites anteriorment haur\u00e0 de seguir les indicacions seg\u00fcents:<\/p>\n<ul>\n<li>Presentaci\u00f3 d&#8217;un escrit a l&#8217;adre\u00e7a RIERA DE MONTALEGRE 49,08915 BADALONA (BARCELONA) (a l&#8217;atenci\u00f3 de LABORATORI DEITERS SL) o b\u00e9 per correu electr\u00f2nic a correu electr\u00f2nic a fb.datos@labdeiters.com .<\/li>\n<li>L&#8217;escrit rem\u00e8s pel titular de les dades personals (interessat\/ada) que sol\u00b7licite l&#8217;exercici de drets haur\u00e0 de tenir en compte el seg\u00fcent:<br \/>\no S&#8217;haur\u00e0 d&#8217;identificar fefaentment i, en cas que concorrin dubtes sobre la identitat del sol\u00b7licitant, se us sol\u00b7licitar\u00e0 que solucioni la petici\u00f3 (p. ex. sol\u00b7licitant m\u00e9s informaci\u00f3, com el n\u00famero de DNI, el document del DNI, el correu electr\u00f2nic que va aportar, etc.)<br \/>\no La sol\u00b7licitud pot realitzar-la el representant, legal o voluntari, quan aquest estigui degudament identificat i autoritzat pel titular de les dades (mitjan\u00e7ant una autoritzaci\u00f3 expressa del titular per exercir els drets personal\u00edssims regulats a la normativa en mat\u00e8ria de protecci\u00f3 de dades personals).<br \/>\no Petici\u00f3 en qu\u00e8 es concreta la sol\u00b7licitud (Dret\/es que es pret\u00e9n\/n exercir). Si no feu refer\u00e8ncia a un tractament concret se us facilitar\u00e0 resposta en relaci\u00f3 a tots els tractaments que afecten les vostres dades de car\u00e0cter personal. Si sol\u00b7liciteu informaci\u00f3 d&#8217;un tractament en concret, nom\u00e9s la informaci\u00f3 d&#8217;aquest. Si ho demaneu per tel\u00e8fon se us indicar\u00e0 que ho feu per escrit i se us informar\u00e0 de com ho podeu fer i l&#8217;adre\u00e7a a la qual heu d&#8217;enviar-ho. Mai no se us donar\u00e0 informaci\u00f3 per tel\u00e8fon.<br \/>\no Adre\u00e7a postal o electr\u00f2nica a efectes de notificacions.<br \/>\no Documents acreditatius de la petici\u00f3 que formula, en cas que siguin necessaris.<br \/>\no La persona sol\u00b7licitant ha d&#8217;utilitzar qualsevol mitj\u00e0 que permeti acreditar l&#8217;enviament i la<br \/>\nrecepci\u00f3 de la sol\u00b7licitud.<\/li>\n<\/ul>\n<p>Finalment, us informem que teniu dret a presentar una reclamaci\u00f3 davant l&#8217;Ag\u00e8ncia Espanyola de Protecci\u00f3 de Dades en cas que en tingueu coneixement o considereu que un fet pugui suposar un incompliment de la normativa aplicable en mat\u00e8ria de protecci\u00f3 de dades.<\/p>\n<p>LABORATORI DEITERS SL es compromet a adoptar les mesures t\u00e8cniques i organitzatives necess\u00e0ries, d&#8217;acord amb el nivell de riscos que acompanyen els tractaments realitzats per aquestes i indicats a l&#8217;apartat dels termes i condicions d&#8217;\u00fas, de manera que garanteixin la seva integritat, confidencialitat i disponibilitat.<\/p>\n<h3>Pol\u00edtica de privadesa Xarxes Socials<\/h3>\n<p>De conformitat amb all\u00f2 establert a la normativa vigent i aplicable de protecci\u00f3 de dades de car\u00e0cter personal i la Llei 34\/2002, d&#8217;11 de juliol, de Serveis de la Societat de la Informaci\u00f3 i de Comer\u00e7 Electr\u00f2nic (LSSI-CE), LABORATORI DEITERS SL informa els usuaris, que ha procedit a crear un perfil a la\/es Xarxa\/es Social\/s Facebook, Instagram, YouTube, amb la finalitat principal de publicitar els seus productes i serveis.<\/p>\n<h4>Dades de LABORATORI DEITERS SL:<\/h4>\n<ul>\n<li>NIF: B62602503<\/li>\n<li>ADRE\u00c7A: RIERA DE MONTALEGRE 49,08915 BADALONA(BARCELONA)<br \/>\nCORREU ELECTR\u00d2NIC: fb.datos@labdeiters.com .<\/li>\n<\/ul>\n<p>L&#8217;usuari disposa d&#8217;un perfil a la mateixa Xarxa Social i ha decidit unir-se a la p\u00e0gina creada per LABORATORIO DEITERS SL, mostrant aix\u00ed inter\u00e8s en la informaci\u00f3 que es publiciti a la Xarxa. En unir-se a la nostra p\u00e0gina, ens facilita el consentiment per al tractament d&#8217;aquelles dades personals publicades al seu perfil.<\/p>\n<p>L&#8217;usuari pot accedir en tot moment a les pol\u00edtiques de privadesa de la pr\u00f2pia Xarxa Social, aix\u00ed com configurar el seu perfil per garantir-ne la privadesa.<\/p>\n<p>LABORATORI DEITERS SL t\u00e9 acc\u00e9s i tracta aquella informaci\u00f3 p\u00fablica de l&#8217;usuari, especialment el seu nom de contacte. Aquestes dades nom\u00e9s s\u00f3n utilitzades dins de la pr\u00f2pia Xarxa Social. No s\u00f3n incorporats a cap sistema de tractament.<\/p>\n<h4>Drets dels interessats<\/h4>\n<p>En relaci\u00f3 amb els drets d&#8217;acc\u00e9s, rectificaci\u00f3, limitaci\u00f3 de tractament, supressi\u00f3, portabilitat i oposici\u00f3 al tractament de les vostres dades de car\u00e0cter personal, de qu\u00e8 disposeu i que poden ser exercitats davant LABORATORI DEITERS SL, d&#8217;acord amb la RGPD, ha de tenir en compte els matisos seg\u00fcents:<\/p>\n<ul>\n<li>Dret d&#8217;acc\u00e9s: \u00c9s el dret de l&#8217;usuari a obtenir informaci\u00f3 sobre les vostres dades concretes de car\u00e0cter personal i del tractament que s&#8217;hagi realitzat o realitzi, aix\u00ed com de la informaci\u00f3 disponible sobre l&#8217;origen d&#8217;aquestes dades i les comunicacions realitzades o previstes .<\/li>\n<li>Dret de Rectificaci\u00f3: \u00c9s el dret de l&#8217;afectat que es modifiquin les dades que resultin ser inexactes o incompletes. Nom\u00e9s es podr\u00e0 satisfer en relaci\u00f3 amb aquella informaci\u00f3 que estigui sota el control de LABORATORIO DEITERS SL, per exemple, eliminar comentaris publicats a la pr\u00f2pia p\u00e0gina, imatges o continguts web on constin dades de car\u00e0cter personal de l&#8217;usuari.<\/li>\n<li>Dret a la Limitaci\u00f3 de tractament: \u00c9s el dret que es limitin les finalitats del tractament previstes de forma original pel responsable del tractament.<\/li>\n<li>Dret de Supressi\u00f3: \u00c9s el dret a suprimir les dades de car\u00e0cter personal de l&#8217;usuari, a excepci\u00f3 del que preveu el mateix RGPD o altres normatives aplicables que determinin l&#8217;obligatorietat de la seva conservaci\u00f3, en temps i forma.<\/li>\n<li>Dret de portabilitat: El dret a rebre les dades personals que l&#8217;usuari hagi facilitat, en un format estructurat, d&#8217;\u00fas com\u00fa i de lectura mec\u00e0nica, ia transmetre-les a un altre responsable.<\/li>\n<li><span style=\"font-size: 16px;\">Dret d&#8217;oposici\u00f3: \u00c9s el dret de l&#8217;usuari a qu\u00e8 no es dugui a terme el tractament de les vostres dades de car\u00e0cter personal o se&#8217;n cessi el tractament per part de LABORATORI DEITERS SL.<\/span><\/li>\n<\/ul>\n<p>LABORATORI DEITERS SL realitzar\u00e0 les seg\u00fcents actuacions:<\/p>\n<ul>\n<li>Acc\u00e9s a la informaci\u00f3 p\u00fablica del perfil.<\/li>\n<li>Publicaci\u00f3 al perfil de l&#8217;usuari de tota aquella informaci\u00f3 ja publicada a la p\u00e0gina de LABORATORI DEITERS SL.<\/li>\n<li>Enviar missatges personals i individuals a trav\u00e9s dels canals de la Xarxa Social.<\/li>\n<li>Actualitzacions de l&#8217;estat de la p\u00e0gina que es publicaran al perfil de l&#8217;usuari.<\/li>\n<\/ul>\n<p>L&#8217;usuari sempre pot controlar les connexions, eliminar els continguts que deixin d&#8217;interessar-li i restringir amb qui comparteix les connexions, per a aix\u00f2 haur\u00e0 d&#8217;accedir a la seva configuraci\u00f3 de privadesa.<\/p>\n<h4>Publicacions<\/h4>\n<p>L&#8217;usuari, un cop unit a la p\u00e0gina de LABORATORI DEITERS SL, podr\u00e0 publicar en aquesta darrera comentaris, enlla\u00e7os, imatges o fotografies o qualsevol altre tipus de contingut multim\u00e8dia suportat per la Xarxa Social. L&#8217;usuari, en tots els casos, n&#8217;ha de ser el titular, gaudir dels drets d&#8217;autor i de propietat intel\u00b7lectual o comptar amb el consentiment dels tercers afectats. Es prohibeix expressament qualsevol publicaci\u00f3 a la p\u00e0gina, ja siguin textos, gr\u00e0fics, fotografies, v\u00eddeos, etc. que atemptin o siguin susceptibles d&#8217;atemptar contra la moral, l&#8217;\u00e8tica, el bon gust o el dec\u00f2rum, i\/o que infringeixin, violin o trenquin els drets de propietat intel\u00b7lectual o industrial, el dret a la imatge o la Llei. En aquests casos, LABORATORIO DEITERS SL es reserva el dret de retirar immediatament el contingut, podent sol\u00b7licitar el bloqueig permanent de l&#8217;usuari.<\/p>\n<p>LABORATORI DEITERS SL no es far\u00e0 responsable dels continguts que lliurement ha publicat un usuari.<\/p>\n<p>L&#8217;usuari ha de tenir present que les seves publicacions seran conegudes pels altres usuaris, per la qual cosa ell mateix \u00e9s el principal responsable de la seva privadesa.<\/p>\n<p>Les imatges que puguin publicar-se a la p\u00e0gina no seran emmagatzemades en cap sistema de tractament per part de LABORATORI DEITERS SL, per\u00f2 s\u00ed que romandran a la Xarxa Social.<\/p>\n<h4>Concursos i promocions<\/h4>\n<p>LABORATORI DEITERS SL es reserva el dret a realitzar concursos i promocions, en qu\u00e8 podr\u00e0 participar l&#8217;usuari unit a la seva p\u00e0gina. Les bases de cadascun d&#8217;ells, quan s&#8217;utilitzi la plataforma de la Xarxa Social, seran publicades en aquesta. Complint sempre amb la LSSI-CE i amb qualsevol altra norma que li sigui aplicable.<\/p>\n<p>La Xarxa Social no patrocina, avala ni administra, de cap manera, cap de les nostres promocions, ni est\u00e0 associada a cap.<\/p>\n<h4>Publicitat<\/h4>\n<p>LABORATORIO DEITERS SL utilitzar\u00e0 la Xarxa Social per publicitar els seus productes i serveis, en tot cas, si decideix tractar les dades de contacte per realitzar accions directes de prospecci\u00f3 comercial, ser\u00e0 sempre, complint amb les exig\u00e8ncies legals de la normativa en mat\u00e8ria de protecci\u00f3 de dades i de la LSSI-CE.<\/p>\n<p>No es considerar\u00e0 publicitat el fet de recomanar a altres usuaris la p\u00e0gina de LABORATORI DEITERS SL perqu\u00e8 tamb\u00e9 puguin gaudir de les promocions o estar informats de la seva activitat.<\/p>\n<p>A continuaci\u00f3, detallem l&#8217;enlla\u00e7 a la pol\u00edtica de privadesa de la Xarxa Social:<\/p>\n<ul>\n<li>Facebook: https:\/\/es-es.facebook.com\/privacy\/explanation<\/li>\n<li>Instagram: http:\/\/instagram.com\/about\/legal\/privacy\/<\/li>\n<\/ul>\n<\/div>\n<\/div>\n<\/div>\n","protected":false},"excerpt":{"rendered":"<p>1. POL\u00cdTICA DE PRIVACITAT Dades del propietari de la web Ra\u00f3 social : LABORATORI DEITERS SL NIF : B62602503 Domini : www.labdeiters.com Adre\u00e7a postal : RIERA DE MONTALEGRE 49, 08915 BADALONA (BARCELONA) Email : fb.datos@labdeiters.com Tel\u00e8fon : 934650936 No REGISTRE\/ Dades addicionals : Inscripci\u00f3: LABDEITERS.COM Protecci\u00f3 de dades De conformitat amb la normativa vigent i [&hellip;]<\/p>\n","protected":false},"author":3,"featured_media":0,"parent":0,"menu_order":0,"comment_status":"closed","ping_status":"closed","template":"","meta":{"_acf_changed":false,"site-sidebar-layout":"default","site-content-layout":"default","ast-site-content-layout":"default","site-content-style":"default","site-sidebar-style":"default","ast-global-header-display":"","ast-banner-title-visibility":"","ast-main-header-display":"","ast-hfb-above-header-display":"","ast-hfb-below-header-display":"","ast-hfb-mobile-header-display":"","site-post-title":"","ast-breadcrumbs-content":"","ast-featured-img":"","footer-sml-layout":"","ast-disable-related-posts":"","theme-transparent-header-meta":"default","adv-header-id-meta":"","stick-header-meta":"default","header-above-stick-meta":"","header-main-stick-meta":"","header-below-stick-meta":"","astra-migrate-meta-layouts":"default","ast-page-background-enabled":"default","ast-page-background-meta":{"desktop":{"background-color":"var(--ast-global-color-4)","background-image":"","background-repeat":"repeat","background-position":"center center","background-size":"auto","background-attachment":"scroll","background-type":"","background-media":"","overlay-type":"","overlay-color":"","overlay-opacity":"","overlay-gradient":""},"tablet":{"background-color":"","background-image":"","background-repeat":"repeat","background-position":"center center","background-size":"auto","background-attachment":"scroll","background-type":"","background-media":"","overlay-type":"","overlay-color":"","overlay-opacity":"","overlay-gradient":""},"mobile":{"background-color":"","background-image":"","background-repeat":"repeat","background-position":"center center","background-size":"auto","background-attachment":"scroll","background-type":"","background-media":"","overlay-type":"","overlay-color":"","overlay-opacity":"","overlay-gradient":""}},"ast-content-background-meta":{"desktop":{"background-color":"var(--ast-global-color-5)","background-image":"","background-repeat":"repeat","background-position":"center center","background-size":"auto","background-attachment":"scroll","background-type":"","background-media":"","overlay-type":"","overlay-color":"","overlay-opacity":"","overlay-gradient":""},"tablet":{"background-color":"var(--ast-global-color-5)","background-image":"","background-repeat":"repeat","background-position":"center center","background-size":"auto","background-attachment":"scroll","background-type":"","background-media":"","overlay-type":"","overlay-color":"","overlay-opacity":"","overlay-gradient":""},"mobile":{"background-color":"var(--ast-global-color-5)","background-image":"","background-repeat":"repeat","background-position":"center center","background-size":"auto","background-attachment":"scroll","background-type":"","background-media":"","overlay-type":"","overlay-color":"","overlay-opacity":"","overlay-gradient":""}},"footnotes":""},"class_list":["post-21010","page","type-page","status-publish","hentry"],"acf":[],"_links":{"self":[{"href":"https:\/\/www.labdeiters.com\/ca\/wp-json\/wp\/v2\/pages\/21010","targetHints":{"allow":["GET"]}}],"collection":[{"href":"https:\/\/www.labdeiters.com\/ca\/wp-json\/wp\/v2\/pages"}],"about":[{"href":"https:\/\/www.labdeiters.com\/ca\/wp-json\/wp\/v2\/types\/page"}],"author":[{"embeddable":true,"href":"https:\/\/www.labdeiters.com\/ca\/wp-json\/wp\/v2\/users\/3"}],"replies":[{"embeddable":true,"href":"https:\/\/www.labdeiters.com\/ca\/wp-json\/wp\/v2\/comments?post=21010"}],"version-history":[{"count":0,"href":"https:\/\/www.labdeiters.com\/ca\/wp-json\/wp\/v2\/pages\/21010\/revisions"}],"wp:attachment":[{"href":"https:\/\/www.labdeiters.com\/ca\/wp-json\/wp\/v2\/media?parent=21010"}],"curies":[{"name":"wp","href":"https:\/\/api.w.org\/{rel}","templated":true}]}}