{"id":20873,"date":"2023-07-31T15:31:21","date_gmt":"2023-07-31T13:31:21","guid":{"rendered":"https:\/\/www.labdeiters.com\/avis-legal\/"},"modified":"2023-07-31T15:31:21","modified_gmt":"2023-07-31T13:31:21","slug":"avis-legal","status":"publish","type":"page","link":"https:\/\/www.labdeiters.com\/ca\/avis-legal\/","title":{"rendered":"Av\u00eds legal"},"content":{"rendered":"<h3>1. AV\u00cdS LEGAL.<\/h3>\n<p>Mitjan\u00e7ant aquest Av\u00eds Legal Laboratorios Deiters SL regula l&#8217;acc\u00e9s i la utilitzaci\u00f3 d&#8217;aquesta plataforma electr\u00f2nica www.labdeiters.com (d&#8217;ara endavant, el Lloc Web), que posa a disposici\u00f3 dels usuaris d&#8217;Internet interessats en els seus productes i continguts.<br \/>\nEn compliment del que estableix la LSSICE, us informem que la titularitat d&#8217;aquest Lloc Web pertany a la mercantil laboratoris Deiters SL (d&#8217;ara endavant, DEITERS\u201d), amb domicili al C\/Riera de Montealegre n\u00fam. 49, 08916 de Badalona (Barcelona) , prove\u00efda de CIF n\u00fam B-62602503 Societat inscrita al Registre Mercantil de Barcelona al Tom 33885 Foli 75,Full B 234631 .<\/p>\n<h3>2. CONDICIONS D&#8217;UTILITZACI\u00d3 DEL LLOC WEB.<\/h3>\n<p>La simple utilitzaci\u00f3 d&#8217;aquest Lloc Web us atorgar\u00e0 la condici\u00f3 d&#8217;Usuari, i implicar\u00e0 la plena acceptaci\u00f3 de les disposicions incloses en aquest Av\u00eds Legal en la versi\u00f3 publicada per DEITERS en el moment en qu\u00e8 accediu al nostre Lloc Web. Si no esteu d&#8217;acord amb les presents Condicions Generals o decidiu no acceptar-les, si us plau abstingueu-vos d&#8217;accedir i\/o utilitzar el nostre Lloc Web.<br \/>\nDEITERS es reserva el dret d&#8217;alterar de forma unilateral, en qualsevol moment i sense necessitat de previ av\u00eds, el disseny, presentaci\u00f3 i\/o configuraci\u00f3 del Lloc Web, aix\u00ed com part o tots els seus serveis i\/o funcionalitats, per la qual cosa us recomanem que cada vegada que utilitzeu el nostre lloc web llegiu atentament les presents Condicions d&#8217;\u00das i Utilitzaci\u00f3 del Lloc Web ja que aquest podr\u00e0 patir modificacions<br \/>\nCertes funcionalitats ofertes a trav\u00e9s del nostre Lloc Web podran, alhora, estar sotmeses a Termes i Condicions d&#8217;Utilitzaci\u00f3 Particulars que, segons el cas, substituiran, completaran i\/o modificaran les presents Condicions Generals. Per tant, vost\u00e8 haur\u00e0 de llegir atentament i acceptar les corresponents Condicions Particulars de cadascun abans de procedir a la seva utilitzaci\u00f3.<\/p>\n<h3>3. OBLIGACIONS DE L&#8217;USUARI.<\/h3>\n<p>Us. es compromet a fer un \u00fas diligent del Lloc Web amb total subjecci\u00f3 a la Llei, als bons costums i les presents Condicions Generals i, si escau, als Termes i Condicions Particulars, mantenint el degut respecte als altres Usuaris.<br \/>\nTamb\u00e9 declara que \u00e9s major de 18 anys i que accepta, de forma expressa i sense excepcions, que l&#8217;acc\u00e9s i la utilitzaci\u00f3 del Lloc Web i els seus continguts, tindr\u00e0 lloc sota la seva exclusiva responsabilitat.<br \/>\nTota la informaci\u00f3 que ens faciliti a trav\u00e9s de la nostra p\u00e0gina web haur\u00e0 de ser vera\u00e7 i actualitzada. A aquests efectes, vost\u00e8 garanteix l&#8217;autenticitat de totes aquelles dades que comuniqui com a conseq\u00fc\u00e8ncia de l&#8217;emplenament dels formularis necessaris per a la subscripci\u00f3 dels serveis. Ud. ser\u00e0 l&#8217;\u00fanic responsable de les manifestacions falses o inexactes que realitzi i dels perjudicis que amb aquestes puga causar a DEITERS oa tercers.<br \/>\nVost\u00e8 renuncia expressament a utilitzar qualsevol dels materials i informacions continguts en aquest Lloc Web amb fins il\u00b7l\u00edcits i expressament prohibits en les presents Condicions, que resultin contraris als drets i interessos de DEITERS, els seus membres i\/o tercers, i respondr\u00e0 davant aquests en cas de contravenir o incomplir aquestes obligacions.<br \/>\nL&#8217;Usuari que incompleixi intencionalment o culpablement qualsevol de les precedents obligacions respondr\u00e0 de tots els danys i perjudicis que causi a DEITERS.<\/p>\n<h3>4. EXCLUSI\u00d3 DE GARANTIES I RESPONSABILITATS.<\/h3>\n<p>DEITERS realitza els seus millors esfor\u00e7os per oferir-vos la informaci\u00f3 de forma precisa i actualitzada; no obstant aix\u00f2, no pot garantir i, en conseq\u00fc\u00e8ncia, no es fa responsable dels danys i perjudicis de qualsevol naturalesa que poguessin deure&#8217;s a la manca d&#8217;exactitud, exhaustivitat, actualitat, aix\u00ed com a errors o omissions dels que poguessin patir les informacions i serveis continguts d&#8217;aquest Lloc Web o altres continguts als quals es pugui accedir a trav\u00e9s del web.<br \/>\nEls continguts del lloc web tenen car\u00e0cter informatiu i divulgatiu; en cap cas no podran ser considerats consells m\u00e8dics o prescripcions, declinant DEITERS tota responsabilitat per qualsevol tipus de conseq\u00fc\u00e8ncies directament o indirectament relacionades amb les accions o omissions que pogu\u00e9s realitzar l&#8217;usuari en funci\u00f3 de la interpretaci\u00f3 d&#8217;aquesta informaci\u00f3.<br \/>\nEls links o enlla\u00e7os posats a disposici\u00f3 dels usuaris poden conduir a altres llocs web sobre els quals DEITERS no exerceix cap tipus de control, ni assumeix cap deure o comprom\u00eds de verificar ni vigilar els seus continguts.<br \/>\nLa incorporaci\u00f3 d&#8217;un enlla\u00e7 en aquest lloc web no es pot considerar una recomanaci\u00f3 als usuaris perqu\u00e8 en facin \u00fas, per la qual cosa la decisi\u00f3 d&#8217;utilitzar-los ser\u00e0 responsabilitat d&#8217;aquests \u00faltims. En aquest sentit, DEITERS assumeix el deure de suprimir del Lloc Web, al m\u00e9s aviat possible, les informacions, continguts o serveis dels quals tingui not\u00edcia que no es corresponguin amb la realitat, siguin il\u00b7legals, puguin induir a error o causar un dany a l&#8217;Usuari.<br \/>\nDEITERS no garanteix la disponibilitat, continu\u00eftat ni la infal\u00b7libilitat del funcionament del seu Lloc Web i, en conseq\u00fc\u00e8ncia, exclou qualsevol responsabilitat pels danys i perjudicis de qualsevol naturalesa que es puguin deure a la manca de disponibilitat o de continu\u00eftat en el funcionament del mateix. Aix\u00ed mateix, no garanteix l&#8217;abs\u00e8ncia de virus o altres elements lesius que poguessin causar danys o alteracions al sistema inform\u00e0tic, als documents electr\u00f2nics o als fitxers de l&#8217;Usuari a tercers, declinant tota responsabilitat pels danys inform\u00e0tics o d&#8217;un altre tipus que pogu\u00e9s ocasionar a l&#8217;Usuari visitant a l&#8217;acc\u00e9s als continguts d&#8217;aquest Lloc Web.<\/p>\n<h3>5. DRETS DE PROPIETAT INDUSTRIAL I INTEL\u00b7LECTUAL.<\/h3>\n<p>Aquest Lloc Web aix\u00ed com la seva presentaci\u00f3, nom de domini, continguts i, en especial, tots els dissenys, arxius de text, \u00e0udio o v\u00eddeo, articles, gr\u00e0fics, bases de dades, fotografies, logos, icones, codi font, noms comercials, marques, dibuixos industrials i\/o qualsevol altre signe susceptible d&#8217;utilitzaci\u00f3 industrial i comercial s\u00f3n titularitat de DEITERS i\/o de tercers titulars dels mateixos que han autoritzat degudament la seva inclusi\u00f3 al Lloc Web, i en tot cas DEITERS ostenta els permisos necessaris per al seu utilitzaci\u00f3.<br \/>\nLa posada a disposici\u00f3 i \u00fas de les imatges, dibuixos, logos, signes distintius, arxius de qualsevol \u00edndole i programari del Lloc Web titularitat de DEITERS o dels seus prove\u00efdors de continguts no implica, en cap cas, la cessi\u00f3 de la titularitat o la concessi\u00f3 de cap dret de propietat industrial o intel\u00b7lectual a favor de l&#8217;Usuari.<br \/>\nQueda prohibida la distribuci\u00f3, la modificaci\u00f3, la transformaci\u00f3, la cessi\u00f3, la posada a disposici\u00f3 del p\u00fablic, i qualsevol altra activitat que no hagi estat expressament autoritzada pel titular dels drets d&#8217;explotaci\u00f3. L&#8217;\u00fas no autoritzat dels materials i la informaci\u00f3 continguda al Lloc Web poden suposar la violaci\u00f3 de la legislaci\u00f3 sobre propietat intel\u00b7lectual o industrial i d&#8217;altres normatives aplicables. DEITERS es reserva, per tant, el dret de perseguir judicialment qualsevol infracci\u00f3 dels seus drets de propietat intel\u00b7lectual i industrial.<\/p>\n<h3>6. LEGISLACI\u00d3 APLICABLE I JURISDICCI\u00d3 COMPETENT.<\/h3>\n<p>Aquest Av\u00eds Legal es regeix en tots i cadascun dels seus extrems per la legislaci\u00f3 espanyola. Per a la resoluci\u00f3 de qualsevol q\u00fcesti\u00f3 litigiosa que pogu\u00e9s derivar-se de l&#8217;exist\u00e8ncia, acc\u00e9s, utilitzaci\u00f3 o contingut del present Av\u00eds Legal, o del nostre Lloc Web, els interessats se sotmeten, amb ren\u00fancia expressa a qualsevol altre fur, als Jutjats i Tribunals de la ciutat de Barcelona.<\/p>\n","protected":false},"excerpt":{"rendered":"<p>1. AV\u00cdS LEGAL. Mitjan\u00e7ant aquest Av\u00eds Legal Laboratorios Deiters SL regula l&#8217;acc\u00e9s i la utilitzaci\u00f3 d&#8217;aquesta plataforma electr\u00f2nica www.labdeiters.com (d&#8217;ara endavant, el Lloc Web), que posa a disposici\u00f3 dels usuaris d&#8217;Internet interessats en els seus productes i continguts. En compliment del que estableix la LSSICE, us informem que la titularitat d&#8217;aquest Lloc Web pertany a [&hellip;]<\/p>\n","protected":false},"author":3,"featured_media":0,"parent":0,"menu_order":0,"comment_status":"closed","ping_status":"closed","template":"","meta":{"_acf_changed":false,"site-sidebar-layout":"default","site-content-layout":"default","ast-site-content-layout":"default","site-content-style":"default","site-sidebar-style":"default","ast-global-header-display":"","ast-banner-title-visibility":"","ast-main-header-display":"","ast-hfb-above-header-display":"","ast-hfb-below-header-display":"","ast-hfb-mobile-header-display":"","site-post-title":"","ast-breadcrumbs-content":"","ast-featured-img":"","footer-sml-layout":"","ast-disable-related-posts":"","theme-transparent-header-meta":"default","adv-header-id-meta":"","stick-header-meta":"default","header-above-stick-meta":"","header-main-stick-meta":"","header-below-stick-meta":"","astra-migrate-meta-layouts":"default","ast-page-background-enabled":"default","ast-page-background-meta":{"desktop":{"background-color":"var(--ast-global-color-4)","background-image":"","background-repeat":"repeat","background-position":"center center","background-size":"auto","background-attachment":"scroll","background-type":"","background-media":"","overlay-type":"","overlay-color":"","overlay-opacity":"","overlay-gradient":""},"tablet":{"background-color":"","background-image":"","background-repeat":"repeat","background-position":"center center","background-size":"auto","background-attachment":"scroll","background-type":"","background-media":"","overlay-type":"","overlay-color":"","overlay-opacity":"","overlay-gradient":""},"mobile":{"background-color":"","background-image":"","background-repeat":"repeat","background-position":"center center","background-size":"auto","background-attachment":"scroll","background-type":"","background-media":"","overlay-type":"","overlay-color":"","overlay-opacity":"","overlay-gradient":""}},"ast-content-background-meta":{"desktop":{"background-color":"var(--ast-global-color-5)","background-image":"","background-repeat":"repeat","background-position":"center center","background-size":"auto","background-attachment":"scroll","background-type":"","background-media":"","overlay-type":"","overlay-color":"","overlay-opacity":"","overlay-gradient":""},"tablet":{"background-color":"var(--ast-global-color-5)","background-image":"","background-repeat":"repeat","background-position":"center center","background-size":"auto","background-attachment":"scroll","background-type":"","background-media":"","overlay-type":"","overlay-color":"","overlay-opacity":"","overlay-gradient":""},"mobile":{"background-color":"var(--ast-global-color-5)","background-image":"","background-repeat":"repeat","background-position":"center center","background-size":"auto","background-attachment":"scroll","background-type":"","background-media":"","overlay-type":"","overlay-color":"","overlay-opacity":"","overlay-gradient":""}},"footnotes":""},"class_list":["post-20873","page","type-page","status-publish","hentry"],"acf":[],"_links":{"self":[{"href":"https:\/\/www.labdeiters.com\/ca\/wp-json\/wp\/v2\/pages\/20873","targetHints":{"allow":["GET"]}}],"collection":[{"href":"https:\/\/www.labdeiters.com\/ca\/wp-json\/wp\/v2\/pages"}],"about":[{"href":"https:\/\/www.labdeiters.com\/ca\/wp-json\/wp\/v2\/types\/page"}],"author":[{"embeddable":true,"href":"https:\/\/www.labdeiters.com\/ca\/wp-json\/wp\/v2\/users\/3"}],"replies":[{"embeddable":true,"href":"https:\/\/www.labdeiters.com\/ca\/wp-json\/wp\/v2\/comments?post=20873"}],"version-history":[{"count":0,"href":"https:\/\/www.labdeiters.com\/ca\/wp-json\/wp\/v2\/pages\/20873\/revisions"}],"wp:attachment":[{"href":"https:\/\/www.labdeiters.com\/ca\/wp-json\/wp\/v2\/media?parent=20873"}],"curies":[{"name":"wp","href":"https:\/\/api.w.org\/{rel}","templated":true}]}}